{"id":632,"date":"2017-02-02T14:27:30","date_gmt":"2017-02-02T14:27:30","guid":{"rendered":"http:\/\/test.kriesi.at\/enfold-2017\/?page_id=632"},"modified":"2021-11-07T21:13:28","modified_gmt":"2021-11-07T18:13:28","slug":"contact","status":"publish","type":"page","link":"https:\/\/www.diality.com.tr\/en\/contact\/","title":{"rendered":"Contact"},"content":{"rendered":"\n<style type=\"text\/css\" data-created_by=\"avia_inline_auto\" id=\"style-css-av-gwm7k-59b468a9fb6be1f8465d1d5890976006\">\n.avia-section.av-gwm7k-59b468a9fb6be1f8465d1d5890976006{\nbackground-color:#1b2a37;\n}\n<\/style>\n<div id='av_section_1'  class='avia-section av-gwm7k-59b468a9fb6be1f8465d1d5890976006 main_color avia-section-no-padding avia-no-border-styling  avia-builder-el-0  el_before_av_google_map  avia-builder-el-first  avia-bg-style-scroll  container_wrap sidebar_right'  ><div class='container av-section-cont-open' ><main  role=\"main\" itemprop=\"mainContentOfPage\"  class='template-page content  av-content-small alpha units'><div class='post-entry post-entry-type-page post-entry-632'><div class='entry-content-wrapper clearfix'>\n\n<style type=\"text\/css\" data-created_by=\"avia_inline_auto\" id=\"style-css-av-any8w-4ae49bc00090233757f75d6d1e08d324\">\n.flex_column.av-any8w-4ae49bc00090233757f75d6d1e08d324{\npadding:30px 0 0 0;\n}\n<\/style>\n<div class='flex_column av-any8w-4ae49bc00090233757f75d6d1e08d324 av_one_full  avia-builder-el-1  avia-builder-el-no-sibling  first flex_column_div  av-animated-generic bottom-to-top '   ><style type=\"text\/css\" data-created_by=\"avia_inline_auto\" id=\"style-css-av-kvk1jns1-43c8a1249455bfdb5be3e17a8b14eb2e\">\n#top .av-special-heading.av-kvk1jns1-43c8a1249455bfdb5be3e17a8b14eb2e{\npadding-bottom:0px;\ncolor:#e1dbd7;\n}\n.av-special-heading.av-kvk1jns1-43c8a1249455bfdb5be3e17a8b14eb2e .special-heading-inner-border{\nborder-color:#e1dbd7;\n}\n<\/style>\n<div  class='av-special-heading av-kvk1jns1-43c8a1249455bfdb5be3e17a8b14eb2e av-special-heading-h1 custom-color-heading blockquote modern-quote  avia-builder-el-2  avia-builder-el-no-sibling  '><h1 class='av-special-heading-tag '  itemprop=\"headline\"  >Contact<\/h1><div class='special-heading-border'><div class='special-heading-inner-border'><\/div><\/div><\/div><\/div>\n\n<div  class='av_gmaps_sc_main_wrap av_gmaps_main_wrap '><div id='av_gmap_0' class='avia-google-map-container avia-google-map-sc av_gmaps_show_unconditionally av-no-fallback-img ' data-mapid='av_gmap_0'  style='height: 500px;'><a class=\"av_gmaps_browser_disabled av_text_confirm_link av_text_confirm_link_visible\" href=\"https:\/\/www.google.com\/maps\/search\/?api=1&#038;query=Maltepe%20Mahallesi,%20G\u00fcm\u00fc\u015fsuyu%20Caddesi%20No:67%2034010%20\u0130STANBUL%20%20Turkey\" target=\"_blank\" rel=\"noopener\">Maps were disabled by the visitor on this site. Click to open the map in a new window.<\/a><\/div><\/div>\n\n<style type=\"text\/css\" data-created_by=\"avia_inline_auto\" id=\"style-css-av-3axe48-ea4cc8a8ffc9c9b3c2d04dada83af4fd\">\n.avia-section.av-3axe48-ea4cc8a8ffc9c9b3c2d04dada83af4fd .av-extra-border-element .av-extra-border-inner{\nbackground-color:#ffffff;\n}\n<\/style>\n<div id='av_section_2'  class='avia-section av-3axe48-ea4cc8a8ffc9c9b3c2d04dada83af4fd main_color avia-section-large avia-no-border-styling  avia-builder-el-4  el_after_av_google_map  avia-builder-el-last  avia-bg-style-scroll  av-arrow-down-section container_wrap sidebar_right'  ><div class='container av-section-cont-open' ><div class='template-page content  av-content-small alpha units'><div class='post-entry post-entry-type-page post-entry-632'><div class='entry-content-wrapper clearfix'>\n\n<style type=\"text\/css\" data-created_by=\"avia_inline_auto\" id=\"style-css-av-2tyeqw-c61d9cdc3ab21ab70ae086af3bc22331\">\n.flex_column.av-2tyeqw-c61d9cdc3ab21ab70ae086af3bc22331{\nborder-radius:0px 0px 0px 0px;\n-webkit-border-radius:0px 0px 0px 0px;\n-moz-border-radius:0px 0px 0px 0px;\n}\n<\/style>\n<div class='flex_column av-2tyeqw-c61d9cdc3ab21ab70ae086af3bc22331 av_one_half  avia-builder-el-5  el_before_av_one_half  avia-builder-el-first  first flex_column_div av-zero-column-padding '   ><form action=\"https:\/\/www.diality.com.tr\/en\/contact\/\" method=\"post\"  class=\"avia_ajax_form av-form-labels-hidden   avia-builder-el-6  avia-builder-el-no-sibling   \" data-avia-form-id=\"1\" data-avia-redirect='' ><h3 class=''>Write Us<\/h3><fieldset><p class='  first_form  form_element form_element_half' id='element_avia_1_1'><label for=\"avia_1_1\">Name Surname <abbr class=\"required\" title=\"required\">*<\/abbr><\/label> <input name=\"avia_1_1\" class=\"text_input is_empty\" type=\"text\" id=\"avia_1_1\" value=\"\"  placeholder='Name Surname*'\/><\/p><p class='  form_element form_element_half' id='element_avia_2_1'><label for=\"avia_2_1\">E-Mail <abbr class=\"required\" title=\"required\">*<\/abbr><\/label> <input name=\"avia_2_1\" class=\"text_input is_email\" type=\"text\" id=\"avia_2_1\" value=\"\"  placeholder='E-Mail*'\/><\/p><p class='  first_form  form_element form_fullwidth' id='element_avia_3_1'><label for=\"avia_3_1\">Subject <abbr class=\"required\" title=\"required\">*<\/abbr><\/label> <input name=\"avia_3_1\" class=\"text_input is_empty\" type=\"text\" id=\"avia_3_1\" value=\"\"  placeholder='Subject*'\/><\/p><p class='  first_form  form_element form_fullwidth' id='element_avia_4_1'><label for=\"avia_4_1\" class=\"textare_label hidden textare_label_avia_4_1\">Message <abbr class=\"required\" title=\"required\">*<\/abbr><\/label><textarea  placeholder='Message*' name=\"avia_4_1\" class=\"text_area is_empty\" cols=\"40\" rows=\"7\" id=\"avia_4_1\" ><\/textarea><\/p><p class=\"hidden\"><input type=\"text\" name=\"avia_5_1\" class=\"hidden \" id=\"avia_5_1\" value=\"\" \/><\/p><p class='   form_element form_fullwidth' id='element_avia_6_1'><span class='value_verifier_label'>6 + 2 = ?<\/span><input name=\"avia_6_1_verifier\" type=\"hidden\" id=\"avia_6_1_verifier\" value=\"845367187\"\/><label for=\"avia_6_1\">Please prove that you are human by solving the equation <abbr class=\"required\" title=\"required\">*<\/abbr><\/label><input name=\"avia_6_1\" class=\"text_input captcha\" type=\"text\" id=\"avia_6_1\" value=\"\"\/><\/p><p class=\"form_element \"><input type=\"hidden\" value=\"1\" name=\"avia_generated_form1\" \/><input type=\"submit\" value=\"Submit\" class=\"button\"  data-sending-label=\"Sending\"\/><\/p><\/fieldset><\/form><div id=\"ajaxresponse_1\" class=\"ajaxresponse ajaxresponse_1 hidden\"><\/div><\/div>\n<style type=\"text\/css\" data-created_by=\"avia_inline_auto\" id=\"style-css-av-1z5tso-7564251bfe34c070401fce14c122c224\">\n.flex_column.av-1z5tso-7564251bfe34c070401fce14c122c224{\nborder-radius:0px 0px 0px 0px;\n-webkit-border-radius:0px 0px 0px 0px;\n-moz-border-radius:0px 0px 0px 0px;\n}\n<\/style>\n<div class='flex_column av-1z5tso-7564251bfe34c070401fce14c122c224 av_one_half  avia-builder-el-7  el_after_av_one_half  avia-builder-el-last  flex_column_div av-zero-column-padding '   ><section class=\"av_textblock_section \"  itemscope=\"itemscope\" itemtype=\"https:\/\/schema.org\/CreativeWork\" ><div class='avia_textblock  '   itemprop=\"text\" ><h4>Project Address<\/h4>\n<p>Maltepe Mah. G\u00fcm\u00fc\u015fsuyu Cad. No:67<br \/>\n34010 Zeytinburnu, \u0130stanbul, TURKEY<\/p>\n<h4>Sales Office: Ahmet Kul \u0130n\u015faat<\/h4>\n<p>Zafer Mah. Adile Na\u015fit Bulvar\u0131 152.Sokak No:3\/5<br \/>\nHaramidere Esenyurt, \u0130stanbul, TURKEY<br \/>\n<a href=\"https:\/\/www.ahmetkulinsaat.com\" target=\"_blank\" rel=\"noopener\">www.ahmetkulinsaat.com<\/a><\/p>\n<h4><\/h4>\n<\/div><\/section><br \/>\n<div  class='avia-buttonrow-wrap av-kvni1q2s-d8c01d7792552cb6fc6af0164fbb30dc avia-buttonrow-center  avia-builder-el-9  el_after_av_textblock  el_before_av_buttonrow  '>\n\n<style type=\"text\/css\" data-created_by=\"avia_inline_auto\" id=\"style-css-av-kvnhx1e0-219fd2920ac261dbecc5c4c4c5d9e66c\">\n#top #wrap_all .avia-button.av-kvnhx1e0-219fd2920ac261dbecc5c4c4c5d9e66c{\nborder-radius:5px 5px 5px 5px;\n-webkit-border-radius:5px 5px 5px 5px;\n-moz-border-radius:5px 5px 5px 5px;\ntransition:all 0.4s ease-in-out;\n-webkit-transition:all 0.4s ease-in-out;\n-moz-transition:all 0.4s ease-in-out;\n-ms-transition:all 0.4s ease-in-out;\n-o-transition:all 0.4s ease-in-out;\nmargin-bottom:5px;\nmargin-right:3px;\nmargin-left:3px;\n}\n#top #wrap_all .avia-button.av-kvnhx1e0-219fd2920ac261dbecc5c4c4c5d9e66c:hover .avia_button_background{\nborder-radius:5px 5px 5px 5px;\n-webkit-border-radius:5px 5px 5px 5px;\n-moz-border-radius:5px 5px 5px 5px;\n}\n<\/style>\n<a href='tel:0902124440461'  class='avia-button av-kvnhx1e0-219fd2920ac261dbecc5c4c4c5d9e66c avia-icon_select-yes-left-icon avia-size-large avia-color-theme-color-highlight'  ><span class='avia_button_icon avia_button_icon_left ' aria-hidden='true' data-av_icon='\ue854' data-av_iconfont='entypo-fontello'><\/span><span class='avia_iconbox_title' >444 0 461<\/span><\/a>\n\n<style type=\"text\/css\" data-created_by=\"avia_inline_auto\" id=\"style-css-av-kvnhx1e0-54412f5529d73f19deb3034587b5a1e2\">\n#top #wrap_all .avia-button.av-kvnhx1e0-54412f5529d73f19deb3034587b5a1e2{\nborder-radius:5px 5px 5px 5px;\n-webkit-border-radius:5px 5px 5px 5px;\n-moz-border-radius:5px 5px 5px 5px;\ntransition:all 0.4s ease-in-out;\n-webkit-transition:all 0.4s ease-in-out;\n-moz-transition:all 0.4s ease-in-out;\n-ms-transition:all 0.4s ease-in-out;\n-o-transition:all 0.4s ease-in-out;\nmargin-bottom:5px;\nmargin-right:3px;\nmargin-left:3px;\n}\n#top #wrap_all .avia-button.av-kvnhx1e0-54412f5529d73f19deb3034587b5a1e2:hover .avia_button_background{\nborder-radius:5px 5px 5px 5px;\n-webkit-border-radius:5px 5px 5px 5px;\n-moz-border-radius:5px 5px 5px 5px;\n}\n<\/style>\n<a href='mailto:mailto:satis@diality.com.tr'  class='avia-button av-kvnhx1e0-54412f5529d73f19deb3034587b5a1e2 avia-icon_select-yes-left-icon avia-size-large avia-color-theme-color-highlight'  ><span class='avia_button_icon avia_button_icon_left ' aria-hidden='true' data-av_icon='\ue805' data-av_iconfont='entypo-fontello'><\/span><span class='avia_iconbox_title' >satis@diality.com.tr<\/span><\/a>\n<\/div><br \/>\n<div  class='avia-buttonrow-wrap av-kvnibm81-91bf4d3722092e57f56361dcf84601db avia-buttonrow-center  avia-builder-el-10  el_after_av_buttonrow  avia-builder-el-last  '>\n\n<style type=\"text\/css\" data-created_by=\"avia_inline_auto\" id=\"style-css-av-kvnia16v-1883df18d449f2a5fd5a9a650a6b7c7d\">\n#top #wrap_all .avia-button.av-kvnia16v-1883df18d449f2a5fd5a9a650a6b7c7d{\nborder-radius:5px 5px 5px 5px;\n-webkit-border-radius:5px 5px 5px 5px;\n-moz-border-radius:5px 5px 5px 5px;\ntransition:all 0.4s ease-in-out;\n-webkit-transition:all 0.4s ease-in-out;\n-moz-transition:all 0.4s ease-in-out;\n-ms-transition:all 0.4s ease-in-out;\n-o-transition:all 0.4s ease-in-out;\nmargin-bottom:5px;\nmargin-right:3px;\nmargin-left:3px;\n}\n#top #wrap_all .avia-button.av-kvnia16v-1883df18d449f2a5fd5a9a650a6b7c7d:hover .avia_button_background{\nborder-radius:5px 5px 5px 5px;\n-webkit-border-radius:5px 5px 5px 5px;\n-moz-border-radius:5px 5px 5px 5px;\n}\n<\/style>\n<a href='https:\/\/wa.me\/905453447085' class='avia-button av-kvnia16v-1883df18d449f2a5fd5a9a650a6b7c7d avia-icon_select-yes-left-icon avia-size-small avia-color-theme-color-highlight' target=\"_blank\" rel=\"noopener noreferrer\"><span class='avia_button_icon avia_button_icon_left ' aria-hidden='true' data-av_icon='\uf232' data-av_iconfont='entypo-fontello'><\/span><span class='avia_iconbox_title' >WhatsApp<\/span><\/a>\n\n<style type=\"text\/css\" data-created_by=\"avia_inline_auto\" id=\"style-css-av-kvnia16v-159f35e0af2d3c54d6db95d8ca4ad3c3\">\n#top #wrap_all .avia-button.av-kvnia16v-159f35e0af2d3c54d6db95d8ca4ad3c3{\nborder-radius:5px 5px 5px 5px;\n-webkit-border-radius:5px 5px 5px 5px;\n-moz-border-radius:5px 5px 5px 5px;\ntransition:all 0.4s ease-in-out;\n-webkit-transition:all 0.4s ease-in-out;\n-moz-transition:all 0.4s ease-in-out;\n-ms-transition:all 0.4s ease-in-out;\n-o-transition:all 0.4s ease-in-out;\nmargin-bottom:5px;\nmargin-right:3px;\nmargin-left:3px;\n}\n#top #wrap_all .avia-button.av-kvnia16v-159f35e0af2d3c54d6db95d8ca4ad3c3:hover .avia_button_background{\nborder-radius:5px 5px 5px 5px;\n-webkit-border-radius:5px 5px 5px 5px;\n-moz-border-radius:5px 5px 5px 5px;\n}\n<\/style>\n<a href='http:\/\/instagram.com\/dialitytopkapi' class='avia-button av-kvnia16v-159f35e0af2d3c54d6db95d8ca4ad3c3 avia-icon_select-yes-left-icon avia-size-small avia-color-theme-color-highlight' target=\"_blank\" rel=\"noopener noreferrer\"><span class='avia_button_icon avia_button_icon_left ' aria-hidden='true' data-av_icon='\uf16d' data-av_iconfont='entypo-fontello'><\/span><span class='avia_iconbox_title' >Instagram<\/span><\/a>\n<\/div><\/p><\/div><\/div><\/div><\/main><!-- close content main element --><\/div><div class='av-extra-border-element border-extra-arrow-down'><div class='av-extra-border-outer'><div class='av-extra-border-inner'><\/div><\/div><\/div><\/div><div id='after_section_2'  class='main_color av_default_container_wrap container_wrap sidebar_right'  ><div class='container av-section-cont-open' ><div class='template-page content  av-content-small alpha units'><div class='post-entry post-entry-type-page post-entry-632'><div class='entry-content-wrapper clearfix'>\n","protected":false},"excerpt":{"rendered":"","protected":false},"author":1,"featured_media":0,"parent":0,"menu_order":0,"comment_status":"closed","ping_status":"closed","template":"","meta":[],"_links":{"self":[{"href":"https:\/\/www.diality.com.tr\/en\/wp-json\/wp\/v2\/pages\/632"}],"collection":[{"href":"https:\/\/www.diality.com.tr\/en\/wp-json\/wp\/v2\/pages"}],"about":[{"href":"https:\/\/www.diality.com.tr\/en\/wp-json\/wp\/v2\/types\/page"}],"author":[{"embeddable":true,"href":"https:\/\/www.diality.com.tr\/en\/wp-json\/wp\/v2\/users\/1"}],"replies":[{"embeddable":true,"href":"https:\/\/www.diality.com.tr\/en\/wp-json\/wp\/v2\/comments?post=632"}],"version-history":[{"count":5,"href":"https:\/\/www.diality.com.tr\/en\/wp-json\/wp\/v2\/pages\/632\/revisions"}],"predecessor-version":[{"id":4327,"href":"https:\/\/www.diality.com.tr\/en\/wp-json\/wp\/v2\/pages\/632\/revisions\/4327"}],"wp:attachment":[{"href":"https:\/\/www.diality.com.tr\/en\/wp-json\/wp\/v2\/media?parent=632"}],"curies":[{"name":"wp","href":"https:\/\/api.w.org\/{rel}","templated":true}]}}