{"id":610,"date":"2017-02-02T12:28:56","date_gmt":"2017-02-02T12:28:56","guid":{"rendered":"http:\/\/test.kriesi.at\/enfold-2017\/?page_id=610"},"modified":"2021-11-07T21:15:49","modified_gmt":"2021-11-07T18:15:49","slug":"terms-of-service","status":"publish","type":"page","link":"https:\/\/www.diality.com.tr\/en\/terms-of-service\/","title":{"rendered":"Terms of Use"},"content":{"rendered":"<section class=\"av_textblock_section \"  itemscope=\"itemscope\" itemtype=\"https:\/\/schema.org\/CreativeWork\" ><div class='avia_textblock  '   itemprop=\"text\" ><div class=\" vc_custom_1516652343818\">\n<div id=\"text-block-3\" class=\"mk-text-block \">\n<p>Siteye eri\u015fiminizden veya siteyi kullan\u0131m\u0131n\u0131zdan \u00f6nce l\u00fctfen bu s\u00f6zle\u015fmeyi dikkatle okuyunuz. Siteye eri\u015fmekle veya siteyi kullanmakla, a\u015fa\u011f\u0131da belirtilen \u015fartlar ve h\u00fck\u00fcmlerle ba\u011fl\u0131 olmay\u0131 kabul etmektesiniz. E\u011fer bu \u015fartlar ve h\u00fck\u00fcmlerle ba\u011fl\u0131 olmak istemezseniz, siteye eri\u015fmeyebilir veya siteyi kullanmayabilirisiniz ve b\u00f6yle bir kullan\u0131ma ba\u015flad\u0131ysan\u0131z kullan\u0131m\u0131 derhal durdurmal\u0131s\u0131n\u0131z. www.dibella.com.tr bu s\u00f6zle\u015fmede her zaman de\u011fi\u015fiklik yapabilir ve bu de\u011fi\u015fiklikler de\u011fi\u015ftirilmi\u015f s\u00f6zle\u015fmenin siteye konulmas\u0131yla derhal y\u00fcr\u00fcrl\u00fck kazan\u0131r. Siz bu de\u011fi\u015fikliklerden haberdar olmak amac\u0131yla periyodik olarak s\u00f6zle\u015fmeyi g\u00f6zden ge\u00e7irmeyi kabul etmektesiniz ve siteye devam eden eri\u015fiminiz veya devam eden siteyi kullan\u0131m\u0131n\u0131z de\u011fi\u015ftirilmi\u015f s\u00f6zle\u015fmeyi kesin olarak kabul etti\u011finiz anlam\u0131na gelecektir.<\/p>\n<div class=\"clearboth\"><\/div>\n<\/div>\n<\/div>\n<h2 id=\"fancy-title-4\" class=\"mk-fancy-title simple-style color-single\">1. Ticari Markalar, Fikri M\u00fclkiyet, Telif Haklar\u0131<\/h2>\n<div class=\" vc_custom_1516695106606\">\n<div id=\"text-block-5\" class=\"mk-text-block \">\n<p>www.diality.com.tr sitesinin t\u00fcm haklar\u0131 Ahmet Kul \u0130n\u015faat firmas\u0131na aittir. Bu web sayfalar\u0131nda yay\u0131mlanan i\u00e7erikler (\u00f6rne\u011fin yaz\u0131l\u0131m, \u00fcr\u00fcnler, logolar, v.s. gibi ticari markalar, bilgiler, raporlar, resimler ve grafikler), ulusal ve uluslar aras\u0131 kanunlar ve uluslar aras\u0131 s\u00f6zle\u015fmeler ile korunmaktad\u0131r.<\/p>\n<p>Kullan\u0131c\u0131 Website dahilinde bulunan \u00fcr\u00fcnleri, bigileri, her t\u00fcrl\u00fc veritaban\u0131n\u0131, resimleri, metinleri, ikonlar\u0131, g\u00f6rsel ve i\u015fitsel vesair imgeleri, video klipleri, dosyalar\u0131, web sitesi, software-code\u2019lar\u0131n html kodu ve di\u011fer kodlar vs. ile , tasar\u0131mlar\u0131, kataloglar\u0131 ve listeleri k\u0131smen ya da tamamen \u00e7o\u011faltamayaca\u011f\u0131, kopyalamayaca\u011f\u0131, da\u011f\u0131tmayaca\u011f\u0131, i\u015flemeyece\u011fini, online ya da di\u011fer bir y\u00f6ntem kullan\u0131lmak suretiyle g\u00f6ndermeyece\u011fini, gerek bu eylemleri ile gerekse de ba\u015fka yollarla, Ahmet Kul \u0130n\u015faat ile do\u011frudan ve\/veya dolayl\u0131 olarak rekabete girmeyece\u011fini kabul ve taahh\u00fct etmektedir.<\/p>\n<p>Sitede yer alan her t\u00fcrl\u00fc bilgi ve materyal;<\/p>\n<p>Site\u2019nin tamam\u0131 ya da bir b\u00f6l\u00fcm\u00fc revize edilerek, ekleme yap\u0131larak ya da bir k\u0131sm\u0131 de\u011fi\u015ftirilerek farkl\u0131 bir bi\u00e7imde kullan\u0131lamaz.<\/p>\n<p>Site\u2019den al\u0131nabilecek her t\u00fcrl\u00fc bilgi (yaz\u0131l\u0131 ya da g\u00f6rsel) rahatl\u0131kla g\u00f6r\u00fclebilecek b\u00fcy\u00fckl\u00fckte \u201cwww.diality.com.tr, T\u00fcm Haklar\u0131 Sakl\u0131d\u0131r\u201d ifadesi eklenmeden kullan\u0131lamaz.<\/p>\n<p>Sitede yer alan ifadeler i\u00e7erisindeki 3. ki\u015fi ya da kurumlara ait tescilli marka, hizmet, logo vb. uyar\u0131lar ve ayra\u00e7lar, siteden al\u0131nt\u0131 yap\u0131ld\u0131\u011f\u0131nda kald\u0131r\u0131lamaz.<\/p>\n<div class=\"clearboth\"><\/div>\n<\/div>\n<\/div>\n<h2 id=\"fancy-title-6\" class=\"mk-fancy-title simple-style color-single\">2. Kullan\u0131m Ko\u015fullar\u0131n\u0131n De\u011fi\u015ftirilmesi<\/h2>\n<div class=\" vc_custom_1516695117430\">\n<div id=\"text-block-7\" class=\"mk-text-block \">\n<p>www.diality.com.tr sitesinin herhangi bir sebep g\u00f6stermeksizin ve \u00f6nce veya sonra ihbarda bulunmaks\u0131z\u0131n bu kullan\u0131m ko\u015fullar\u0131n\u0131 de\u011fi\u015ftirme, ilavede bulunma veya yenileme hakk\u0131 sakl\u0131d\u0131r. Bu sayfalarda, mevcut ve g\u00fcncellenmi\u015f versiyon bulunmaktad\u0131r. Bu web sayfalar\u0131n\u0131n kullan\u0131lmas\u0131 ile kullan\u0131c\u0131, mevcut versiyon ile s\u0131n\u0131rland\u0131r\u0131lm\u0131\u015f oldu\u011funu kabul eder.<\/p>\n<div class=\"clearboth\"><\/div>\n<\/div>\n<\/div>\n<h2 id=\"fancy-title-8\" class=\"mk-fancy-title simple-style color-single\">3. \u00dc\u00e7\u00fcnc\u00fc Parti Sitelere Verilen Ba\u011flant\u0131lara (Linklere) Dair<\/h2>\n<div class=\" vc_custom_1516695141023\">\n<div id=\"text-block-9\" class=\"mk-text-block \">\n<p>www.diality.com.tr, sitesinde direkt ya da dolayl\u0131 yoldan di\u011fer sitelere ba\u011flant\u0131 (link) verilebilir. Bu ba\u011flant\u0131lar\u0131n amac\u0131 bilgi vermek ya da reklamd\u0131r. Kullan\u0131c\u0131, site \u00fczerindeki linklerin kaynaklar\u0131 \u00fczerinde www.diality.com.tr sitesinin hi\u00e7bir kontrol\u00fc olmad\u0131\u011f\u0131 i\u00e7in, www.diality.com.tr sitesinin linklerinin g\u00f6sterdi\u011fi web sitelerinin veya kaynaklar\u0131n ula\u015fabilirli\u011finden sorumlu olmad\u0131\u011f\u0131n\u0131 ve bu web siteleri ve kaynaklar \u00fczerinde bulunan veya bunlardan elde edilebilen hi\u00e7bir i\u00e7erik, reklam, \u00fcr\u00fcn veya di\u011fer materyalden sorumlu olmad\u0131\u011f\u0131n\u0131 kabul eder. Kullan\u0131c\u0131 ayr\u0131ca www.diality.com.tr sitesinin b\u00f6yle herhangi bir web sitesi veya kaynak \u00fczerinde veya bunlar yoluyla elde edilebilen herhangi bir i\u00e7erik, mal veya hizmete g\u00fcvenerek veya bunlar taraf\u0131ndan veya bunlar\u0131n kullan\u0131m\u0131 ile ba\u011flant\u0131l\u0131 olarak neden olunan ya da neden olundu\u011fu iddia edilen herhangi bir zarar veya kay\u0131ptan do\u011frudan veya dolayl\u0131 olarak sorumlu olmad\u0131\u011f\u0131n\u0131 kabul eder.<\/p>\n<div class=\"clearboth\"><\/div>\n<\/div>\n<\/div>\n<h2 id=\"fancy-title-10\" class=\"mk-fancy-title simple-style color-single\">4. Kullan\u0131c\u0131 Bilgileri Hakk\u0131nda<\/h2>\n<div class=\" vc_custom_1516695150088\">\n<div id=\"text-block-11\" class=\"mk-text-block \">\n<p>www.diality.com.tr sitesinde; kullan\u0131c\u0131lar\u0131n dolduracaklar\u0131 talep ve bilgi formlar\u0131n\u0131n yer ald\u0131\u011f\u0131 b\u00f6l\u00fcmler yer almaktad\u0131r. Bu b\u00f6l\u00fcmlerin doldurulmas\u0131 esnas\u0131nda kullan\u0131c\u0131lar\u0131n k\u00fcf\u00fcr, tehdit, tahrik, rahats\u0131z edici s\u00f6zleri ve kanuna ayk\u0131r\u0131 i\u00e7erikler kullanma ve ba\u015fkalar\u0131n\u0131n kanuni ve ki\u015fisel haklar\u0131na zarar verme haklar\u0131 yoktur.<\/p>\n<div class=\"clearboth\"><\/div>\n<\/div>\n<\/div>\n<h2 id=\"fancy-title-12\" class=\"mk-fancy-title simple-style color-single\">5. Hak ve Sorumluluklar<\/h2>\n<div class=\" vc_custom_1516695166020\">\n<div id=\"text-block-13\" class=\"mk-text-block \">\n<p>www.diality.com.tr ve sahibi Ahmet Kul \u0130n\u015faat. site i\u00e7eri\u011findeki her t\u00fcrl\u00fc bilgi hatalar\u0131ndan sorumlu tutulamaz, sayfalar\u0131nda her t\u00fcrl\u00fc de\u011fi\u015fiklik ve yenili\u011fi istedi\u011fi anda yapabilir. Bu de\u011fi\u015fikliklerden dolay\u0131 do\u011fabilecek hi\u00e7bir \u00a0sat\u0131\u015f veya bilgi hatas\u0131ndan dolay\u0131 www.diality.com.tr sitesi ve sahibi Ahmet Kul \u0130n\u015faat firmas\u0131na sorumluluk y\u00fcklenemez.<\/p>\n<p>www.diality.com.tr sitesinin t\u00fcm kullan\u0131m ve i\u00e7erik haklar\u0131 sakl\u0131d\u0131r. Sitenin t\u00fcm haklar\u0131, sahibi olan Ahmet Kul \u0130n\u015faat firmas\u0131na aittir. \u0130zinsiz kullan\u0131m\u0131 kanunlarla yasaklanm\u0131\u015ft\u0131r.<\/p>\n<\/div>\n<\/div>\n<\/div><\/section>\n","protected":false},"excerpt":{"rendered":"","protected":false},"author":1,"featured_media":0,"parent":0,"menu_order":0,"comment_status":"closed","ping_status":"closed","template":"","meta":[],"_links":{"self":[{"href":"https:\/\/www.diality.com.tr\/en\/wp-json\/wp\/v2\/pages\/610"}],"collection":[{"href":"https:\/\/www.diality.com.tr\/en\/wp-json\/wp\/v2\/pages"}],"about":[{"href":"https:\/\/www.diality.com.tr\/en\/wp-json\/wp\/v2\/types\/page"}],"author":[{"embeddable":true,"href":"https:\/\/www.diality.com.tr\/en\/wp-json\/wp\/v2\/users\/1"}],"replies":[{"embeddable":true,"href":"https:\/\/www.diality.com.tr\/en\/wp-json\/wp\/v2\/comments?post=610"}],"version-history":[{"count":1,"href":"https:\/\/www.diality.com.tr\/en\/wp-json\/wp\/v2\/pages\/610\/revisions"}],"predecessor-version":[{"id":4329,"href":"https:\/\/www.diality.com.tr\/en\/wp-json\/wp\/v2\/pages\/610\/revisions\/4329"}],"wp:attachment":[{"href":"https:\/\/www.diality.com.tr\/en\/wp-json\/wp\/v2\/media?parent=610"}],"curies":[{"name":"wp","href":"https:\/\/api.w.org\/{rel}","templated":true}]}}