{"id":3852,"date":"2021-11-06T09:22:13","date_gmt":"2021-11-06T06:22:13","guid":{"rendered":"https:\/\/www.diality.com.tr\/?page_id=3852"},"modified":"2021-11-07T21:16:20","modified_gmt":"2021-11-07T18:16:20","slug":"cookie-policy","status":"publish","type":"page","link":"https:\/\/www.diality.com.tr\/en\/cookie-policy\/","title":{"rendered":"Cookie Policy"},"content":{"rendered":"<section class=\"av_textblock_section \"  itemscope=\"itemscope\" itemtype=\"https:\/\/schema.org\/CreativeWork\" ><div class='avia_textblock  '   itemprop=\"text\" ><p>Ahmet Kul Gayrimenkul Proje Geli\u015ftirme A.\u015e. (\u201c\u015eirket\u201d olarak an\u0131lacakt\u0131r) olarak, \u00e7evrimi\u00e7i mecralar\u0131m\u0131z\u0131 ziyaretleriniz s\u0131ras\u0131nda sizlerin deneyiminizi geli\u015ftirmek i\u00e7in \u00e7erezler, pikseller, gifler gibi baz\u0131 teknolojilerden (\u201c\u00c7erezler\u201d) faydalanmaktay\u0131z. Bu teknolojilerin kullan\u0131m\u0131 ba\u015fta 6698 say\u0131l\u0131 Ki\u015fisel Verilerin Korunmas\u0131 Kanunu olmak \u00fczere tabi oldu\u011fumuz mevzuata uygun \u015fekilde ger\u00e7ekle\u015ftirilmektedir. \u00c7erez ad\u0131 verilen teknik ileti\u015fim dosyalar\u0131, bir internet sitesinin kullan\u0131c\u0131n\u0131n bilgisayar\u0131 veya cep telefonu taray\u0131c\u0131s\u0131na (browser) g\u00f6nderdi\u011fi k\u00fc\u00e7\u00fck metin dosyalar\u0131d\u0131r.<\/p>\n<p>\u0130\u015fbu \u00c7erez Politikas\u0131n\u0131n metninin amac\u0131, taraf\u0131m\u0131zca i\u015fletilmekte olan\u00a0www.diality.com.tr internet sitesinin (\u201cSite\u201d) i\u015fletilmesi s\u0131ras\u0131nda Site kullan\u0131c\u0131lar\u0131 ve \u00fcyeleri (\u201cVeri \u0130lgilisi\u201d) taraf\u0131ndan \u00e7erezlerin kullan\u0131m\u0131 s\u0131ras\u0131nda elde edilen ki\u015fisel verilerin i\u015flenmesine ili\u015fkin olarak sizlere bilgi vermektir. Bu politikada sitemizde hangi ama\u00e7larla hangi t\u00fcr \u00e7erezleri kulland\u0131\u011f\u0131m\u0131z\u0131 ve bu \u00e7erezleri nas\u0131l kontrol edebilece\u011finizi sizlere a\u00e7\u0131klamak isteriz.<\/p>\n<p>\u015eirket olarak sitemizde kulland\u0131\u011f\u0131m\u0131z \u00e7erezleri kullanmaktan vazge\u00e7ebilir, bunlar\u0131n t\u00fcrlerini veya fonksiyonlar\u0131n\u0131 de\u011fi\u015ftirebilir veya sitemize yeni \u00e7erezler ekleyebiliriz. Dolay\u0131s\u0131yla i\u015fbu \u00c7erez(Cookie) Politikas\u0131 h\u00fck\u00fcmlerini diledi\u011fimiz zaman de\u011fi\u015ftirme hakk\u0131n\u0131 sakl\u0131 tutmaktay\u0131z. G\u00fcncel \u00c7erez(Cookie) Politikas\u0131 \u00fczerinde ger\u00e7ekle\u015ftirilmi\u015f olan her t\u00fcrl\u00fc de\u011fi\u015fiklik sitede veya herhangi bir kamuya a\u00e7\u0131k mecrada yay\u0131nlanmakla birlikte y\u00fcr\u00fcrl\u00fck kazanacakt\u0131r.<\/p>\n<p><strong>1. \u00c7erezler Ne Ama\u00e7la ve Nas\u0131l Kullan\u0131lmaktad\u0131r?<\/strong><\/p>\n<p>www.ahmetkulinsaat.com ve \u015eirket\u2019in i\u015f ortaklar\u0131n\u0131n sitelerinde, kullan\u0131c\u0131lara ilgi alanlar\u0131na ve ihtiya\u00e7lar\u0131na uygun, ki\u015fiye \u00f6zel i\u00e7erik, kampanya ve reklam sunulmas\u0131 ama\u00e7lanmaktad\u0131r. Bunun amac\u0131, kullan\u0131c\u0131n\u0131n ilgisini \u00e7ekmeyecek, gereksiz reklam g\u00f6sterimine engel olarak Site deneyimini daha kaliteli hale getirmektir. Bu kapsamda \u00e7erezler hem sizi tan\u0131mam\u0131za yard\u0131mc\u0131 olmakta hem de ilginizi \u00e7ekece\u011fini d\u00fc\u015f\u00fcnd\u00fc\u011f\u00fcm\u00fcz i\u00e7erik, reklam ve kampanyalar ile Site\u2019yi sizin i\u00e7in daha kullan\u0131\u015fl\u0131 ve yararl\u0131 hale getirmemizi sa\u011flamaktad\u0131r.<\/p>\n<ul>\n<li>\u00c7erezler; bu Site\u2019yi kullanmak isteyen di\u011fer i\u015f ortaklar\u0131n\u0131n sitelerinde kullan\u0131labilir.<\/li>\n<li>\u00c7erezler; Site\u2019ye girdi\u011finizde ilginizi \u00e7ekebilecek reklam ve kampanyalar\u0131n g\u00f6sterilmesini sa\u011flamak ve Site\u2019de bir i\u00e7erik ve reklam g\u00f6rd\u00fckten sonra bu reklamla ilgilenip ilgilenmedi\u011finizi, ilgili \u00fcr\u00fcn veya hizmetin sitesini ziyaret edip etmedi\u011finizi belirlemek amac\u0131yla kullan\u0131labilir.<\/li>\n<li>\u00c7erezler; Site\u2019yi ziyaret eden kullan\u0131c\u0131 say\u0131s\u0131, kullan\u0131c\u0131 tipi, ziyaret s\u0131kl\u0131\u011f\u0131, kullan\u0131c\u0131 davran\u0131\u015flar\u0131 ve al\u0131\u015fkanl\u0131klar\u0131, kullan\u0131c\u0131lar\u0131n hangi \u00fclkelerden siteyi ziyaret ettikleri vb. istatistiklerin olu\u015fturulmas\u0131 amac\u0131yla kullan\u0131labilecektir.<\/li>\n<\/ul>\n<p><strong>2. \u00c7erezler Arac\u0131l\u0131\u011f\u0131yla Hangi Bilgiler Al\u0131nmakta ve \u0130\u015flenmektedir?<\/strong><\/p>\n<p>Site\u2019ye hangi siteden gelindi\u011fi ve Site\u2019den sonra hangi sitenin ziyaret edildi\u011fi, kullan\u0131c\u0131lar\u0131n co\u011frafi konumlar\u0131, sitede yer alan reklam banner\u2019lar\u0131na tepkileri, kullan\u0131c\u0131n\u0131n Site\u2019ye ve i\u015f ortaklar\u0131n\u0131n sitelerine kendi iste\u011fiyle vermi\u015f oldu\u011fu ki\u015fisel bilgiler, site \u00fczerinde ger\u00e7ekle\u015ftirilen tercihler, sosyal payla\u015f\u0131m sitelerinde Site ve i\u015f ortaklar\u0131m\u0131z\u0131n sayfalar\u0131 ile ilgili hareketler al\u0131nabilecek ve i\u015flenebilecektir. Farkl\u0131 Site\u2019lerden al\u0131nan veriler de birle\u015ftirilip i\u015flenebilir.<\/p>\n<p>Site\u2019ye ve i\u015f ortaklar\u0131n\u0131n sitelerine vermi\u015f oldu\u011funuz bilgileriniz, burada belirlenen ama\u00e7larla Site veya i\u015f ortaklar\u0131 taraf\u0131ndan al\u0131nabilir ve i\u015flenebilir.<\/p>\n<p><strong>3. Sitemizde Kullan\u0131lan \u00c7erezler Nelerdir?<\/strong><\/p>\n<p>A\u015fa\u011f\u0131da Sitemizde kulland\u0131\u011f\u0131m\u0131z farkl\u0131 t\u00fcrdeki \u00e7erezleri bulabilirsiniz. Sitemizde hem birinci parti \u00e7erezler (ziyaret etti\u011finiz site taraf\u0131ndan yerle\u015ftirilen) hem de \u00fc\u00e7\u00fcnc\u00fc parti \u00e7erezleri (ziyaret etti\u011finiz site haricindeki sunucular taraf\u0131ndan yerle\u015ftirilen) kullan\u0131lmaktad\u0131r.<\/p>\n<ul>\n<li><strong>Session:<\/strong> Bu bir genel \u00e7erez olup sizin diliniz ve gitti\u011finiz sayfalar gibi web sitesi oturumunuzu kontrol etmektedir.<\/li>\n<li><strong>Has read:<\/strong> Bu genel bir \u00e7erez olup sizin \u00c7erez politikas\u0131 uyar\u0131m\u0131z\u0131 okuyup okumad\u0131\u011f\u0131n\u0131z bilgisini tutmaktad\u0131r.<\/li>\n<\/ul>\n<p><strong>4. Yasal d\u00fczenlemelere uygunluk<\/strong><\/p>\n<p>Site ve \u015eirket i\u015f ortaklar\u0131, yasalara uygun olmayan ve burada belirtilenin d\u0131\u015f\u0131nda hi\u00e7bir ama\u00e7la hareket etmez. Bu uygulama, yasal geli\u015fmeler kar\u015f\u0131s\u0131nda revize edilir ve yasa ile belirlenen \u015fekil ve kapsama uygun hale getirilir.<\/p>\n<p><strong>5. Veri \u0130lgilisi Olarak Haklar\u0131n\u0131z Nelerdir? <\/strong><\/p>\n<p>Ki\u015fisel Verilerin Korunmas\u0131 Kanunu\u2019nun 11. maddesi uyar\u0131nca veri ilgilileri,<\/p>\n<ul>\n<li>Ki\u015fisel veri i\u015flenip i\u015flenmedi\u011fini \u00f6\u011frenme,<\/li>\n<li>Ki\u015fisel verileri i\u015flenmi\u015fse buna ili\u015fkin bilgi talep etme,<\/li>\n<li>Ki\u015fisel verilerin i\u015flenme amac\u0131n\u0131 ve bunlar\u0131n amac\u0131na uygun kullan\u0131l\u0131p kullan\u0131lmad\u0131\u011f\u0131n\u0131 \u00f6\u011frenme,<\/li>\n<li>Yurt i\u00e7inde veya yurt d\u0131\u015f\u0131nda ki\u015fisel verilerin aktar\u0131ld\u0131\u011f\u0131 \u00fc\u00e7\u00fcnc\u00fc ki\u015fileri bilme,<\/li>\n<li>Ki\u015fisel verilerin eksik veya yanl\u0131\u015f i\u015flenmi\u015f olmas\u0131 h\u00e2linde bunlar\u0131n d\u00fczeltilmesini isteme ve bu\u00a0 \u00a0kapsamda yap\u0131lan i\u015flemin ki\u015fisel verilerin aktar\u0131ld\u0131\u011f\u0131 \u00fc\u00e7\u00fcnc\u00fc ki\u015filere bildirilmesini isteme,<\/li>\n<li>Ki\u015fisel Verilerin Korunmas\u0131 Kanunu ve ilgili di\u011fer kanun h\u00fck\u00fcmlerine uygun olarak i\u015flenmi\u015f olmas\u0131na ra\u011fmen, i\u015flenmesini\u00a0gerektiren sebeplerin ortadan kalkmas\u0131 h\u00e2linde ki\u015fisel verilerin silinmesini veya yok edilmesini isteme\u00a0ve bu kapsamda yap\u0131lan i\u015flemin ki\u015fisel verilerin aktar\u0131ld\u0131\u011f\u0131 \u00fc\u00e7\u00fcnc\u00fc ki\u015filere bildirilmesini isteme,<\/li>\n<li>\u0130\u015flenen verilerin m\u00fcnhas\u0131ran otomatik sistemler vas\u0131tas\u0131yla analiz edilmesi suretiyle ki\u015finin kendisi aleyhine bir sonucun ortaya \u00e7\u0131kmas\u0131na itiraz etme,<\/li>\n<li>Ki\u015fisel verilerin kanuna ayk\u0131r\u0131 olarak i\u015flenmesi sebebiyle zarara u\u011framas\u0131 h\u00e2linde zarar\u0131n giderilmesini<\/li>\n<\/ul>\n<p>talep etme hakk\u0131na sahiptir.<\/p>\n<p>S\u00f6z konusu haklar\u0131n\u0131za ili\u015fkin taleplerinizi,\u00a0<a href=\"http:\/\/www.ahmetkulinsaat.com\/public\/dosyalar\/dokumanlar\/veri_ilgilisi_basvuru_formu.pdf\" target=\"_blank\" rel=\"noopener\"><u>www.ahmetkulinsaat.com<\/u><\/a> adresinde yer\u00a0alan\u00a0\u201c<a href=\"http:\/\/www.ahmetkulinsaat.com\/public\/dosyalar\/dokumanlar\/veri_ilgilisi_basvuru_formu.pdf\" target=\"_blank\" rel=\"noopener\"><u>Veri \u0130lgilisi Ba\u015fvuru Formu<\/u><\/a>\u201d dok\u00fcman\u0131nda\u00a0belirtilen y\u00f6ntemlerle taraf\u0131m\u0131za iletmeniz halinde ba\u015fvurular\u0131n\u0131z en k\u0131sa s\u00fcrede ve en ge\u00e7 30 (otuz) g\u00fcn i\u00e7erisinde de\u011ferlendirilerek sonu\u00e7land\u0131r\u0131lacakt\u0131r. Taleplere ili\u015fkin olarak herhangi bir \u00fccret talep edilmemesi esas olmakla birlikte, \u015eirketin Ki\u015fisel Verileri Koruma Kurulu taraf\u0131ndan belirlenen \u00fccret tarifesi \u00fczerinden \u00fccret talep etme hakk\u0131 sakl\u0131d\u0131r.<\/p>\n<p>Veri \u0130lgilisi, herhangi bir ki\u015fisel verisinin \u015eirket taraf\u0131ndan kullan\u0131lamamas\u0131 ile sonu\u00e7lanacak bir talepte bulunmas\u0131 halinde Site\u2019nin i\u015fleyi\u015finden tam olarak faydalanamayabilece\u011fini ve bu kapsamda do\u011facak her t\u00fcrl\u00fc sorumlulu\u011fun kendisine ait olaca\u011f\u0131n\u0131 kabul, beyan ve taahh\u00fct eder.<\/p>\n<\/div><\/section>\n","protected":false},"excerpt":{"rendered":"","protected":false},"author":1,"featured_media":0,"parent":0,"menu_order":0,"comment_status":"closed","ping_status":"closed","template":"","meta":[],"_links":{"self":[{"href":"https:\/\/www.diality.com.tr\/en\/wp-json\/wp\/v2\/pages\/3852"}],"collection":[{"href":"https:\/\/www.diality.com.tr\/en\/wp-json\/wp\/v2\/pages"}],"about":[{"href":"https:\/\/www.diality.com.tr\/en\/wp-json\/wp\/v2\/types\/page"}],"author":[{"embeddable":true,"href":"https:\/\/www.diality.com.tr\/en\/wp-json\/wp\/v2\/users\/1"}],"replies":[{"embeddable":true,"href":"https:\/\/www.diality.com.tr\/en\/wp-json\/wp\/v2\/comments?post=3852"}],"version-history":[{"count":1,"href":"https:\/\/www.diality.com.tr\/en\/wp-json\/wp\/v2\/pages\/3852\/revisions"}],"predecessor-version":[{"id":4330,"href":"https:\/\/www.diality.com.tr\/en\/wp-json\/wp\/v2\/pages\/3852\/revisions\/4330"}],"wp:attachment":[{"href":"https:\/\/www.diality.com.tr\/en\/wp-json\/wp\/v2\/media?parent=3852"}],"curies":[{"name":"wp","href":"https:\/\/api.w.org\/{rel}","templated":true}]}}