{"id":3586,"date":"2021-09-28T14:34:34","date_gmt":"2021-09-28T11:34:34","guid":{"rendered":"https:\/\/www.diality.com.tr\/?page_id=3"},"modified":"2021-11-07T21:15:06","modified_gmt":"2021-11-07T18:15:06","slug":"privacy-policy","status":"publish","type":"page","link":"https:\/\/www.diality.com.tr\/en\/privacy-policy\/","title":{"rendered":"Privacy Policy"},"content":{"rendered":"<section class=\"av_textblock_section \"  itemscope=\"itemscope\" itemtype=\"https:\/\/schema.org\/CreativeWork\" ><div class='avia_textblock  '   itemprop=\"text\" ><p class=\"p1\"><span class=\"s1\">Say\u0131n Kullan\u0131c\u0131,<br \/>\nwww.diality.com.tr Web Site&#8217;sine ho\u015f geldiniz,<\/span><\/p>\n<p class=\"p1\"><span class=\"s1\">A\u015fa\u011f\u0131daki &#8220;Gizlilik S\u00f6zle\u015fmesi&#8221;, www.diality.com.tr sitesinin, siz de\u011ferli kullan\u0131c\u0131lar\u0131m\u0131za sa\u011flad\u0131\u011f\u0131 bilgi ve hizmetlerin sunumuna ili\u015fkin h\u00fck\u00fcmleri d\u00fczenlemektedir.<\/span><\/p>\n<p class=\"p1\"><span class=\"s1\">www.diality.com.tr Web sitesine giren ya da sitedeki formlar\u0131 dolduran her kullan\u0131c\u0131 &#8220;Telif Hakk\u0131 Bilgisi&#8221;, &#8220;Gizlilik S\u00f6zle\u015fmesi&#8221; ve &#8220;Kullan\u0131m \u015eartlar\u0131&#8221;nda yer alan h\u00fck\u00fcmleri okumu\u015f ve kabul etmi\u015f say\u0131lacakt\u0131r.<\/span><\/p>\n<p class=\"p1\"><span class=\"s1\">\u00a0<\/span><\/p>\n<h2 class=\"p1\"><span class=\"s1\">Gizlilik S\u00f6zle\u015fmesi<\/span><\/h2>\n<p class=\"p1\"><span class=\"s1\">\u00a0<\/span><\/p>\n<ol class=\"ol1\">\n<li class=\"li2\"><span class=\"s1\">www.diality.com.tr, Web Sitesini ziyaret eden kay\u0131tl\u0131 ve misafir kullan\u0131c\u0131lardan toplad\u0131\u011f\u0131 bilgileri her t\u00fcrl\u00fc analiz yapmak amac\u0131yla kullanabilir. www.diality.com.tr bu bilgileri i\u015f ortaklar\u0131 ile payla\u015fabilir. Ancak e-posta ve di\u011fer ki\u015fisel bilgiler, hi\u00e7bir i\u015f orta\u011f\u0131, \u015firket, kurum ya da ba\u015fka bir kurulu\u015fla kullan\u0131c\u0131n\u0131n izni olmaks\u0131z\u0131n payla\u015f\u0131lmayacakt\u0131r.<br \/>\n<\/span><\/li>\n<li class=\"li2\"><span class=\"s1\">www.diality.com.tr kay\u0131tl\u0131 ve misafir kullan\u0131c\u0131lar\u0131na ait e-posta, ad\u0131, soyad\u0131, telefon numaras\u0131 ve kay\u0131t s\u0131ras\u0131nda girilen hi\u00e7bir bilgiyi Web Sitesinde yay\u0131nlamaz, kullan\u0131c\u0131 aksini belirtmediyse hi\u00e7bir i\u015f orta\u011f\u0131, \u015firket, kurum ya da di\u011fer kurulu\u015fla payla\u015fmaz.<br \/>\n<\/span><\/li>\n<li class=\"li2\"><span class=\"s1\">www.diality.com.tr, ki\u015fisel bilgilerinizi sadece a\u015fa\u011f\u0131da belirtilen yasal durumlarda ve yasal prosed\u00fcrler \u00e7er\u00e7evesinde 3. \u015fah\u0131slara a\u00e7ar.\u00a0\u00a0 \u00a0a.) Yasal mercilerden bu y\u00f6nde yaz\u0131l\u0131 bir talep olu\u015fmas\u0131 halinde<br \/>\nb.) www.diality.com.tr&#8217;e ait m\u00fclkiyet haklar\u0131n\u0131 korumak ve savunmak amac\u0131yla<br \/>\nc.) Kullan\u0131m \u015fartlar\u0131nda kabul etti\u011finiz kurallar \u00e7er\u00e7evesinde<br \/>\n<\/span><\/li>\n<li class=\"li2\"><span class=\"s1\">www.diality.com.tr sitesinde kay\u0131tl\u0131 ki\u015fisel bilgileriniz\u00a0hi\u00e7bir \u015fekilde sat\u0131lmaz, kiralanmaz ya da ba\u015fka bir kurum ya da kurulu\u015f ile kar\u015f\u0131l\u0131kl\u0131 de\u011fi\u015ftirilmez. Bu &#8220;Gizlilik S\u00f6zle\u015fmesi&#8221; metninde yer alan maddeler haricinde hi\u00e7bir \u015fekilde 3. \u015fah\u0131slarla payla\u015f\u0131lmaz. www.diality.com.tr bu s\u00f6zle\u015fmede taahh\u00fct etti\u011fi \u015fartlar\u0131 yerine getirmek i\u00e7in m\u00fcmk\u00fcn olan t\u00fcm \u00f6nlemleri al\u0131r.<br \/>\n<\/span><\/li>\n<li class=\"li2\"><span class=\"s1\">www.diality.com.tr taraf\u0131ndan toplanan bilgiler genel kullan\u0131ma a\u00e7\u0131k olmayan g\u00fcvenli bir ortamda saklan\u0131r.<br \/>\n<\/span><\/li>\n<li class=\"li2\"><span class=\"s1\">\u0130nternetin yap\u0131s\u0131 gere\u011fi bilgiler internet \u00fczerinde yeterli g\u00fcvenlik \u00f6nlemleri olmaks\u0131z\u0131n dola\u015fabilir ve yetkili olmayan ki\u015filer taraf\u0131ndan al\u0131n\u0131p kullan\u0131labilir. Bu kullan\u0131m ve kullan\u0131mdan do\u011facak zarar www.diality.com.tr sorumlulu\u011funda de\u011fildir.<br \/>\n<\/span><\/li>\n<li class=\"li2\"><span class=\"s1\">Baz\u0131 durumlarda, \u015fahs\u0131n\u0131za \u00f6zel olmayan bilgiler toplanabilir. Bu tip bilgilere \u00f6rnek olarak kulland\u0131\u011f\u0131n\u0131z internet browser&#8217; \u0131n t\u00fcr\u00fc, i\u015fletim sisteminiz, site&#8217;mize linkle ya da ilanla ula\u015ft\u0131\u011f\u0131n\u0131z sitenin domain ismi verilebilir.<br \/>\n<\/span><\/li>\n<li class=\"li2\"><span class=\"s1\">Site&#8217;yi ziyaret etti\u011finizde bilgisayar\u0131n\u0131za bilgi konulabilir. Bu bilgi, bilgi belirteci (&#8220;cookie&#8221;) format\u0131nda ya da benzeri t\u00fcrden dosyada olacakt\u0131r ve bize birka\u00e7 y\u00f6nden yard\u0131mc\u0131 olacakt\u0131r. \u00d6rne\u011fin, cookie&#8217;ler, siteleri ve reklamlar\u0131 sizin ilgi alanlar\u0131n\u0131za ve tercihlerinize g\u00f6re d\u00fczenlememizi sa\u011flayacakt\u0131r. Hemen hemen t\u00fcm internet browser&#8217;larda, cookie&#8217;leri hard diskinizden silmek, yaz\u0131lmas\u0131n\u0131 \u00f6nlemek ya da kaydedilmeden \u00f6nce uyar\u0131 mesaj\u0131 almak i\u00e7in se\u00e7enekler vard\u0131r. Bu konuda daha fazla bilgi i\u00e7in l\u00fctfen browser&#8217;\u0131n\u0131z\u0131n yard\u0131m dosyalar\u0131na ve kullan\u0131m bilgilerine bak\u0131n\u0131z.<br \/>\n<\/span><\/li>\n<li class=\"li2\"><span class=\"s1\">IP adresiniz Web Sitesinin ve serverlar\u0131m\u0131z\u0131n s\u00fcrekli \u00e7al\u0131\u015f\u0131r halde bulundurulmas\u0131, y\u00f6netilmesi ve sorunlar\u0131n \u00e7\u00f6z\u00fclmesi amac\u0131yla kullan\u0131lmaktad\u0131r. Size ait IP adresi sizin tan\u0131mlanman\u0131zda kullan\u0131lmaktad\u0131r.<br \/>\n<\/span><\/li>\n<li class=\"li2\"><span class=\"s1\">Bu Web Sitesi di\u011fer web sitelerine link vermektedir. Gizlilik G\u00fcvencesi sadece bu Web Sitesi i\u00e7erisinde ge\u00e7erlidir ve di\u011fer web sitelerini kapsamamaktad\u0131r. Bu web sitesinden link ile gidilecek di\u011fer web sitelerindeki kullan\u0131m ile ilgili o sitelere ait Gizlilik G\u00fcvencesi ve Kullan\u0131m \u015eartlar\u0131 ge\u00e7erlidir. Bu Web Sitesinden linkle gitti\u011finiz di\u011fer web sitelerinde o sitelere ait Gizlilik G\u00fcvencesi ve Kullan\u0131m \u015eartlar\u0131 metinlerini bularak okuman\u0131z \u00f6nerilir.<br \/>\n<\/span><\/li>\n<li class=\"li2\"><span class=\"s1\">www.diality.com.tr bu metin i\u00e7indeki her t\u00fcrl\u00fc bilgiyi de\u011fi\u015ftirme hakk\u0131n\u0131 sakl\u0131 tutar. Bu siteyi kullanarak bu &#8220;Gizlilik G\u00fcvencesi&#8221; nde yap\u0131lacak her t\u00fcrl\u00fc d\u00fczenleme ve de\u011fi\u015fikli\u011fi kabul etmi\u015f say\u0131l\u0131yorsunuz.<\/span><\/li>\n<\/ol>\n<\/div><\/section>\n","protected":false},"excerpt":{"rendered":"","protected":false},"author":1,"featured_media":0,"parent":0,"menu_order":0,"comment_status":"closed","ping_status":"open","template":"","meta":[],"_links":{"self":[{"href":"https:\/\/www.diality.com.tr\/en\/wp-json\/wp\/v2\/pages\/3586"}],"collection":[{"href":"https:\/\/www.diality.com.tr\/en\/wp-json\/wp\/v2\/pages"}],"about":[{"href":"https:\/\/www.diality.com.tr\/en\/wp-json\/wp\/v2\/types\/page"}],"author":[{"embeddable":true,"href":"https:\/\/www.diality.com.tr\/en\/wp-json\/wp\/v2\/users\/1"}],"replies":[{"embeddable":true,"href":"https:\/\/www.diality.com.tr\/en\/wp-json\/wp\/v2\/comments?post=3586"}],"version-history":[{"count":1,"href":"https:\/\/www.diality.com.tr\/en\/wp-json\/wp\/v2\/pages\/3586\/revisions"}],"predecessor-version":[{"id":4328,"href":"https:\/\/www.diality.com.tr\/en\/wp-json\/wp\/v2\/pages\/3586\/revisions\/4328"}],"wp:attachment":[{"href":"https:\/\/www.diality.com.tr\/en\/wp-json\/wp\/v2\/media?parent=3586"}],"curies":[{"name":"wp","href":"https:\/\/api.w.org\/{rel}","templated":true}]}}